{"id":44,"date":"2026-03-09T14:10:13","date_gmt":"2026-03-09T13:10:13","guid":{"rendered":"https:\/\/www.nordicberlin.de\/?page_id=44"},"modified":"2026-04-16T12:56:11","modified_gmt":"2026-04-16T11:56:11","slug":"kontakt","status":"publish","type":"page","link":"https:\/\/www.nordicberlin.de\/da\/kontakt\/","title":{"rendered":"Kontakt"},"content":{"rendered":"<p>[et_pb_section fb_built=&#8221;1&#8243; _builder_version=&#8221;4.27.6&#8243; _module_preset=&#8221;default&#8221; background_color=&#8221;#f7f8fa&#8221; custom_margin=&#8221;0px||0px||true|false&#8221; custom_padding=&#8221;0px||0px||true|false&#8221; custom_css_main_element=&#8221;padding-left: max(50px, calc((100vw &#8211; 1370px) \/ 2));&#8221; da_disable_devices=&#8221;off|off|off&#8221; global_colors_info=&#8221;{}&#8221; custom_css_main_element_last_edited=&#8221;on|tablet&#8221; custom_css_main_element_tablet=&#8221;padding-left: 0x;&#8221; custom_css_main_element_phone=&#8221;padding-left: 0x;&#8221; da_is_popup=&#8221;off&#8221; da_exit_intent=&#8221;off&#8221; da_has_close=&#8221;on&#8221; da_alt_close=&#8221;off&#8221; da_dark_close=&#8221;off&#8221; da_not_modal=&#8221;on&#8221; da_is_singular=&#8221;off&#8221; da_with_loader=&#8221;off&#8221; da_has_shadow=&#8221;on&#8221;][et_pb_row column_structure=&#8221;3_5,2_5&#8243; make_equal=&#8221;on&#8221; custom_padding_last_edited=&#8221;on|tablet&#8221; module_class=&#8221;hyp-inline-buttons&#8221; _builder_version=&#8221;4.27.6&#8243; _module_preset=&#8221;default&#8221; width=&#8221;100%&#8221; max_width=&#8221;100%&#8221; custom_margin=&#8221;0px||0px||true|false&#8221; custom_margin_tablet=&#8221;||||true|false&#8221; custom_margin_phone=&#8221;||||true|false&#8221; custom_margin_last_edited=&#8221;on|tablet&#8221; custom_padding=&#8221;0px||0px||true|true&#8221; custom_padding_tablet=&#8221;||||true|false&#8221; custom_padding_phone=&#8221;||||true|false&#8221; global_colors_info=&#8221;{}&#8221;][et_pb_column type=&#8221;3_5&#8243; _builder_version=&#8221;4.27.6&#8243; _module_preset=&#8221;default&#8221; custom_padding=&#8221;70px||70px||true|false&#8221; custom_padding_tablet=&#8221;|50px|50px|50px|false|true&#8221; custom_padding_phone=&#8221;75px|30px|50px|30px|false|true&#8221; custom_padding_last_edited=&#8221;on|tablet&#8221; global_colors_info=&#8221;{}&#8221;][et_pb_text _builder_version=&#8221;4.27.6&#8243; _module_preset=&#8221;default&#8221; text_font=&#8221;|300|||||||&#8221; text_font_size=&#8221;17px&#8221; header_3_font=&#8221;|700|||||||&#8221; header_3_font_size=&#8221;14px&#8221; max_width=&#8221;750px&#8221; custom_margin=&#8221;||75px||false|false&#8221; custom_padding=&#8221;||||false|false&#8221; text_font_tablet=&#8221;|300|||||||&#8221; text_font_phone=&#8221;|300|||||||&#8221; text_font_last_edited=&#8221;on|tablet&#8221; text_font_size_tablet=&#8221;16px&#8221; text_font_size_phone=&#8221;16px&#8221; text_font_size_last_edited=&#8221;on|tablet&#8221; header_font_tablet=&#8221;&#8221; header_font_phone=&#8221;|600|||||||&#8221; header_font_last_edited=&#8221;on|phone&#8221; header_font_size_tablet=&#8221;40px&#8221; header_font_size_phone=&#8221;30px&#8221; header_font_size_last_edited=&#8221;on|tablet&#8221; global_colors_info=&#8221;{}&#8221;]<\/p>\n<h1>Kontakt<\/h1>\n<p>Overvejer du at <a href=\"\/kob-bolig\/\">k\u00f8be<\/a> eller <a href=\"\/saelg-bolig\/\">s\u00e6lge bolig<\/a> i Berlin, eller har du sp\u00f8rgsm\u00e5l til dine muligheder, er du altid velkommen til at tage kontakt.<\/p>\n<p>Hos Nordic Berlin f\u00e5r du dansk r\u00e5dgivning kombineret med lokalt kendskab til markedet i Berlin. Vi hj\u00e6lper dig trygt gennem hele processen \u2013 uanset om du er i gang eller bare overvejer dine n\u00e6ste skridt.<\/p>\n<h3 style=\"margin-top: 15px;\">Registreret Immobilienmakler i Berlin med tilladelse efter \u00a7 34c GewO (tysk tilladelse som Immobilienmakler).<\/h3>\n<p>[\/et_pb_text][et_pb_code _builder_version=&#8221;4.27.6&#8243; _module_preset=&#8221;default&#8221; global_module=&#8221;147&#8243; saved_tabs=&#8221;all&#8221; global_colors_info=&#8221;{}&#8221;]<\/p>\n<div class=\"agent-trust-box\"><!-- [et_pb_line_break_holder] -->  <\/p>\n<div class=\"agent-trust-profile\"><!-- [et_pb_line_break_holder] -->    <img decoding=\"async\" src=\"\/wp-content\/uploads\/2026\/03\/Martin-Mejdal-Petersen.jpg\" alt=\"Martin Mejdal Petersen\"><!-- [et_pb_line_break_holder] -->  <\/div>\n<p><!-- [et_pb_line_break_holder] --><!-- [et_pb_line_break_holder] -->  <\/p>\n<div class=\"agent-trust-content\"><!-- [et_pb_line_break_holder] -->    <\/p>\n<div class=\"agent-trust-person\"><!-- [et_pb_line_break_holder] -->      <\/p>\n<div class=\"agent-trust-name\">Martin Mejdal Petersen<\/div>\n<p><!-- [et_pb_line_break_holder] -->      <\/p>\n<div class=\"agent-trust-phone-wrapper\"><!-- [et_pb_line_break_holder] -->      <a href=\"tel:+4522730096\" class=\"agent-trust-link\">+45 22 73 00 96<\/a> | <a href=\"tel:+4915754158825\" class=\"agent-trust-link\">+49 157 54 158 825<\/a> <!-- [et_pb_line_break_holder] -->         <\/div>\n<p><!-- [et_pb_line_break_holder] -->      <a href=\"mailto:martin@nordicberlin.de\" class=\"agent-trust-link\">martin@nordicberlin.de<\/a><!-- [et_pb_line_break_holder] -->    <\/div>\n<p><!-- [et_pb_line_break_holder] --><!-- [et_pb_line_break_holder] -->    <\/p>\n<div class=\"agent-trust-points\"><!-- [et_pb_line_break_holder] -->      <\/p>\n<div class=\"agent-trust-point\">150+ bolighandler<\/div>\n<p><!-- [et_pb_line_break_holder] -->      <\/p>\n<div class=\"agent-trust-point\">10+ \u00e5rs erfaring<\/div>\n<p><!-- [et_pb_line_break_holder] -->      <\/p>\n<div class=\"agent-trust-point\">Tilg\u00e6ngelig alle ugens dage<\/div>\n<p><!-- [et_pb_line_break_holder] -->    <\/div>\n<p><!-- [et_pb_line_break_holder] -->  <\/div>\n<p><!-- [et_pb_line_break_holder] --><\/div>\n<p>[\/et_pb_code][\/et_pb_column][et_pb_column type=&#8221;2_5&#8243; _builder_version=&#8221;4.27.6&#8243; _module_preset=&#8221;default&#8221; background_color=&#8221;#2D374E&#8221; background_enable_image=&#8221;off&#8221; custom_css_main_element=&#8221;display: flex;||align-items: center;&#8221; global_colors_info=&#8221;{}&#8221; custom_css_main_element_last_edited=&#8221;on|phone&#8221; custom_css_main_element_tablet=&#8221;display: flex;||align-items: center;||height: 250px; &#8221; custom_css_main_element_phone=&#8221;display: flex;||align-items: center;||height: 150px; &#8220;][et_pb_code _builder_version=&#8221;4.27.6&#8243; _module_preset=&#8221;default&#8221; min_height_tablet=&#8221;400px&#8221; min_height_phone=&#8221;400px&#8221; min_height_last_edited=&#8221;on|tablet&#8221; global_colors_info=&#8221;{}&#8221;][\/et_pb_code][et_pb_image src=&#8221;https:\/\/www.nordicberlin.de\/wp-content\/uploads\/2026\/03\/Logo.png&#8221; title_text=&#8221;Logo&#8221; _builder_version=&#8221;4.27.6&#8243; _module_preset=&#8221;default&#8221; width=&#8221;115px&#8221; width_tablet=&#8221;110px&#8221; width_phone=&#8221;80px&#8221; width_last_edited=&#8221;on|tablet&#8221; module_alignment=&#8221;center&#8221; global_colors_info=&#8221;{}&#8221;][\/et_pb_image][\/et_pb_column][\/et_pb_row][\/et_pb_section][et_pb_section fb_built=&#8221;1&#8243; _builder_version=&#8221;4.27.6&#8243; _module_preset=&#8221;default&#8221; background_enable_color=&#8221;off&#8221; custom_margin=&#8221;0px||0px||true|false&#8221; custom_padding=&#8221;0px||0px||true|false&#8221; custom_css_main_element=&#8221;padding-left: max(50px, calc((100vw &#8211; 1370px) \/ 2));&#8221; da_disable_devices=&#8221;off|off|off&#8221; global_colors_info=&#8221;{}&#8221; custom_css_main_element_last_edited=&#8221;on|tablet&#8221; custom_css_main_element_tablet=&#8221;padding-left: 0x;&#8221; custom_css_main_element_phone=&#8221;padding-left: 0x;&#8221; da_is_popup=&#8221;off&#8221; da_exit_intent=&#8221;off&#8221; da_has_close=&#8221;on&#8221; da_alt_close=&#8221;off&#8221; da_dark_close=&#8221;off&#8221; da_not_modal=&#8221;on&#8221; da_is_singular=&#8221;off&#8221; da_with_loader=&#8221;off&#8221; da_has_shadow=&#8221;on&#8221;][et_pb_row column_structure=&#8221;3_5,2_5&#8243; make_equal=&#8221;on&#8221; custom_padding_last_edited=&#8221;on|tablet&#8221; module_class=&#8221;hyp-inline-buttons&#8221; _builder_version=&#8221;4.27.6&#8243; _module_preset=&#8221;default&#8221; width=&#8221;100%&#8221; max_width=&#8221;100%&#8221; custom_margin=&#8221;0px||0px||true|false&#8221; custom_margin_tablet=&#8221;||||true|false&#8221; custom_margin_phone=&#8221;||||true|false&#8221; custom_margin_last_edited=&#8221;on|tablet&#8221; custom_padding=&#8221;0px||0px||true|true&#8221; custom_padding_tablet=&#8221;||||true|false&#8221; custom_padding_phone=&#8221;||||true|false&#8221; global_colors_info=&#8221;{}&#8221;][et_pb_column type=&#8221;3_5&#8243; _builder_version=&#8221;4.27.6&#8243; _module_preset=&#8221;default&#8221; custom_padding=&#8221;70px||70px||true|false&#8221; custom_padding_tablet=&#8221;|50px|50px|50px|false|true&#8221; custom_padding_phone=&#8221;75px|30px|50px|30px|false|true&#8221; custom_padding_last_edited=&#8221;on|tablet&#8221; global_colors_info=&#8221;{}&#8221;][et_pb_text _builder_version=&#8221;4.27.6&#8243; _module_preset=&#8221;default&#8221; header_2_font=&#8221;||||||||&#8221; header_2_font_size=&#8221;25px&#8221; global_colors_info=&#8221;{}&#8221;]<\/p>\n<h2>Skriv til Nordic Berlin<\/h2>\n<p>[\/et_pb_text][et_pb_code _builder_version=&#8221;4.27.6&#8243; _module_preset=&#8221;default&#8221; global_colors_info=&#8221;{}&#8221;]\n<div class=\"wpcf7 no-js\" id=\"wpcf7-f816-o1\" lang=\"da-DK\" dir=\"ltr\" data-wpcf7-id=\"816\">\n<div class=\"screen-reader-response\"><p role=\"status\" aria-live=\"polite\" aria-atomic=\"true\"><\/p> <ul><\/ul><\/div>\n<form action=\"\/da\/wp-json\/wp\/v2\/pages\/44#wpcf7-f816-o1\" method=\"post\" class=\"wpcf7-form init\" aria-label=\"Kontaktformular\" novalidate=\"novalidate\" data-status=\"init\">\n<fieldset class=\"hidden-fields-container\"><input type=\"hidden\" name=\"_wpcf7\" value=\"816\" \/><input type=\"hidden\" name=\"_wpcf7_version\" value=\"6.1.5\" \/><input type=\"hidden\" name=\"_wpcf7_locale\" value=\"da_DK\" \/><input type=\"hidden\" name=\"_wpcf7_unit_tag\" value=\"wpcf7-f816-o1\" \/><input type=\"hidden\" name=\"_wpcf7_container_post\" value=\"0\" \/><input type=\"hidden\" name=\"_wpcf7_posted_data_hash\" value=\"\" \/>\n<\/fieldset>\n<div class=\"wpcf7-turnstile cf-turnstile\" data-sitekey=\"0x4AAAAAACBGJG1OSliE4bq2\" data-response-field-name=\"_wpcf7_turnstile_response\"><\/div>\n\n<div class=\"hyp-contact-form\">\n\t<div class=\"hyp-form-row hyp-form-row-full\">\n\t\t<p><label>Navn<br \/>\n<span class=\"wpcf7-form-control-wrap\" data-name=\"your-name\"><input size=\"40\" maxlength=\"400\" class=\"wpcf7-form-control wpcf7-text wpcf7-validates-as-required\" autocomplete=\"name\" aria-required=\"true\" aria-invalid=\"false\" value=\"\" type=\"text\" name=\"your-name\" \/><\/span><br \/>\n<\/label>\n\t\t<\/p>\n\t<\/div>\n\t<div class=\"hyp-form-row hyp-form-row-two\">\n\t\t<div class=\"hyp-form-col\">\n\t\t\t<p><label>Telefon<br \/>\n<span class=\"wpcf7-form-control-wrap\" data-name=\"your-phone\"><input size=\"40\" maxlength=\"400\" class=\"wpcf7-form-control wpcf7-tel wpcf7-validates-as-required wpcf7-text wpcf7-validates-as-tel\" autocomplete=\"tel\" aria-required=\"true\" aria-invalid=\"false\" value=\"\" type=\"tel\" name=\"your-phone\" \/><\/span><br \/>\n<\/label>\n\t\t\t<\/p>\n\t\t<\/div>\n\t\t<div class=\"hyp-form-col\">\n\t\t\t<p><label>E-mail<br \/>\n<span class=\"wpcf7-form-control-wrap\" data-name=\"your-email\"><input size=\"40\" maxlength=\"400\" class=\"wpcf7-form-control wpcf7-email wpcf7-validates-as-required wpcf7-text wpcf7-validates-as-email\" autocomplete=\"email\" aria-required=\"true\" aria-invalid=\"false\" value=\"\" type=\"email\" name=\"your-email\" \/><\/span><br \/>\n<\/label>\n\t\t\t<\/p>\n\t\t<\/div>\n\t<\/div>\n\t<div class=\"hyp-form-row hyp-form-row-full\">\n\t\t<p><label>Besked<br \/>\n<span class=\"wpcf7-form-control-wrap\" data-name=\"your-message\"><textarea cols=\"40\" rows=\"10\" maxlength=\"2000\" class=\"wpcf7-form-control wpcf7-textarea wpcf7-validates-as-required\" aria-required=\"true\" aria-invalid=\"false\" name=\"your-message\"><\/textarea><\/span><br \/>\n<\/label>\n\t\t<\/p>\n\t<\/div>\n\t<div class=\"hyp-form-submit\">\n\t\t<p><input class=\"wpcf7-form-control wpcf7-submit has-spinner\" type=\"submit\" value=\"Send\" \/>\n\t\t<\/p>\n\t<\/div>\n<\/div><div class=\"wpcf7-response-output\" aria-hidden=\"true\"><\/div>\n<\/form>\n<\/div>\n[\/et_pb_code][\/et_pb_column][et_pb_column type=&#8221;2_5&#8243; _builder_version=&#8221;4.27.6&#8243; _module_preset=&#8221;default&#8221; background_color=&#8221;#F7F8FA&#8221; background_enable_image=&#8221;off&#8221; custom_css_main_element=&#8221;display: flex;||align-items: center;||justify-content: center;&#8221; global_colors_info=&#8221;{}&#8221;][et_pb_text _builder_version=&#8221;4.27.6&#8243; _module_preset=&#8221;default&#8221; header_3_font=&#8221;|600|||||||&#8221; header_3_font_size=&#8221;16px&#8221; custom_margin=&#8221;0px||0px||true|false&#8221; custom_padding=&#8221;75px||75px||true|false&#8221; hover_enabled=&#8221;0&#8243; global_colors_info=&#8221;{}&#8221; sticky_enabled=&#8221;0&#8243;]<\/p>\n<h3>Tyskland<\/h3>\n<p>Stubbenkammerstr. 12<br \/>10437 Berlin<\/p>\n<p>Telefon:<\/p>\n<p><a href=\"tel:+45%2022 73 00 96\">+45 22 73 00 96<\/a><\/p>\n<p><a href=\"tel:+49%20157 54 158 825\">+49 157 54 158 825<\/a><\/p>\n<p>[\/et_pb_text][\/et_pb_column][\/et_pb_row][\/et_pb_section]<\/p>\n","protected":false},"excerpt":{"rendered":"<p>Kontakt Overvejer du at k\u00f8be eller s\u00e6lge bolig i Berlin, eller har du sp\u00f8rgsm\u00e5l til dine muligheder, er du altid velkommen til at tage kontakt. Hos Nordic Berlin f\u00e5r du dansk r\u00e5dgivning kombineret med lokalt kendskab til markedet i Berlin. Vi hj\u00e6lper dig trygt gennem hele processen \u2013 uanset om du er i gang eller [&hellip;]<\/p>\n","protected":false},"author":1,"featured_media":0,"parent":0,"menu_order":0,"comment_status":"closed","ping_status":"closed","template":"","meta":{"_acf_changed":false,"_et_pb_use_builder":"on","_et_pb_old_content":"<!-- wp:divi\/placeholder \/-->","_et_gb_content_width":"","footnotes":""},"class_list":["post-44","page","type-page","status-publish","hentry"],"acf":[],"yoast_head":"<!-- This site is optimized with the Yoast SEO plugin v27.2 - https:\/\/yoast.com\/product\/yoast-seo-wordpress\/ -->\n<title>Kontakt Martin Mejdal Petersen fra Nordic Berlin<\/title>\n<meta name=\"description\" content=\"Kontakt Nordic Berlin og f\u00e5 dansk r\u00e5dgivning om k\u00f8b eller salg af bolig i Berlin. Vi svarer hurtigt og hj\u00e6lper dig trygt videre i processen.\" \/>\n<meta name=\"robots\" content=\"index, follow, max-snippet:-1, max-image-preview:large, max-video-preview:-1\" \/>\n<link rel=\"canonical\" href=\"https:\/\/www.nordicberlin.de\/da\/kontakt\/\" \/>\n<meta property=\"og:locale\" content=\"da_DK\" \/>\n<meta property=\"og:type\" content=\"article\" \/>\n<meta property=\"og:title\" content=\"Kontakt Martin Mejdal Petersen fra Nordic Berlin\" \/>\n<meta property=\"og:description\" content=\"Kontakt Nordic Berlin og f\u00e5 dansk r\u00e5dgivning om k\u00f8b eller salg af bolig i Berlin. Vi svarer hurtigt og hj\u00e6lper dig trygt videre i processen.\" \/>\n<meta property=\"og:url\" content=\"https:\/\/www.nordicberlin.de\/da\/kontakt\/\" \/>\n<meta property=\"og:site_name\" content=\"Nordic Berlin\" \/>\n<meta property=\"article:modified_time\" content=\"2026-04-16T11:56:11+00:00\" \/>\n<meta name=\"twitter:card\" content=\"summary_large_image\" \/>\n<meta name=\"twitter:label1\" content=\"Estimeret l\u00e6setid\" \/>\n\t<meta name=\"twitter:data1\" content=\"1 minut\" \/>\n<script type=\"application\/ld+json\" class=\"yoast-schema-graph\">{\"@context\":\"https:\/\/schema.org\",\"@graph\":[{\"@type\":\"WebPage\",\"@id\":\"https:\/\/www.nordicberlin.de\/da\/kontakt\/\",\"url\":\"https:\/\/www.nordicberlin.de\/da\/kontakt\/\",\"name\":\"Kontakt Martin Mejdal Petersen fra Nordic Berlin\",\"isPartOf\":{\"@id\":\"https:\/\/www.nordicberlin.de\/da\/#website\"},\"datePublished\":\"2026-03-09T13:10:13+00:00\",\"dateModified\":\"2026-04-16T11:56:11+00:00\",\"description\":\"Kontakt Nordic Berlin og f\u00e5 dansk r\u00e5dgivning om k\u00f8b eller salg af bolig i Berlin. Vi svarer hurtigt og hj\u00e6lper dig trygt videre i processen.\",\"breadcrumb\":{\"@id\":\"https:\/\/www.nordicberlin.de\/da\/kontakt\/#breadcrumb\"},\"inLanguage\":\"da-DK\",\"potentialAction\":[{\"@type\":\"ReadAction\",\"target\":[\"https:\/\/www.nordicberlin.de\/da\/kontakt\/\"]}]},{\"@type\":\"BreadcrumbList\",\"@id\":\"https:\/\/www.nordicberlin.de\/da\/kontakt\/#breadcrumb\",\"itemListElement\":[{\"@type\":\"ListItem\",\"position\":1,\"name\":\"Home\",\"item\":\"https:\/\/www.nordicberlin.de\/da\/\"},{\"@type\":\"ListItem\",\"position\":2,\"name\":\"Kontakt\"}]},{\"@type\":\"WebSite\",\"@id\":\"https:\/\/www.nordicberlin.de\/da\/#website\",\"url\":\"https:\/\/www.nordicberlin.de\/da\/\",\"name\":\"Nordic Berlin\",\"description\":\"Martin Mejdal Petersen\",\"publisher\":{\"@id\":\"https:\/\/www.nordicberlin.de\/da\/#organization\"},\"potentialAction\":[{\"@type\":\"SearchAction\",\"target\":{\"@type\":\"EntryPoint\",\"urlTemplate\":\"https:\/\/www.nordicberlin.de\/da\/?s={search_term_string}\"},\"query-input\":{\"@type\":\"PropertyValueSpecification\",\"valueRequired\":true,\"valueName\":\"search_term_string\"}}],\"inLanguage\":\"da-DK\"},{\"@type\":\"Organization\",\"@id\":\"https:\/\/www.nordicberlin.de\/da\/#organization\",\"name\":\"Nordic Berlin\",\"url\":\"https:\/\/www.nordicberlin.de\/da\/\",\"logo\":{\"@type\":\"ImageObject\",\"inLanguage\":\"da-DK\",\"@id\":\"https:\/\/www.nordicberlin.de\/da\/#\/schema\/logo\/image\/\",\"url\":\"https:\/\/www.nordicberlin.de\/wp-content\/uploads\/2026\/03\/Nordic-Berlin-logo.svg\",\"contentUrl\":\"https:\/\/www.nordicberlin.de\/wp-content\/uploads\/2026\/03\/Nordic-Berlin-logo.svg\",\"width\":762,\"height\":258,\"caption\":\"Nordic Berlin\"},\"image\":{\"@id\":\"https:\/\/www.nordicberlin.de\/da\/#\/schema\/logo\/image\/\"}}]}<\/script>\n<!-- \/ Yoast SEO plugin. -->","yoast_head_json":{"title":"Kontakt Martin Mejdal Petersen fra Nordic Berlin","description":"Kontakt Nordic Berlin og f\u00e5 dansk r\u00e5dgivning om k\u00f8b eller salg af bolig i Berlin. Vi svarer hurtigt og hj\u00e6lper dig trygt videre i processen.","robots":{"index":"index","follow":"follow","max-snippet":"max-snippet:-1","max-image-preview":"max-image-preview:large","max-video-preview":"max-video-preview:-1"},"canonical":"https:\/\/www.nordicberlin.de\/da\/kontakt\/","og_locale":"da_DK","og_type":"article","og_title":"Kontakt Martin Mejdal Petersen fra Nordic Berlin","og_description":"Kontakt Nordic Berlin og f\u00e5 dansk r\u00e5dgivning om k\u00f8b eller salg af bolig i Berlin. Vi svarer hurtigt og hj\u00e6lper dig trygt videre i processen.","og_url":"https:\/\/www.nordicberlin.de\/da\/kontakt\/","og_site_name":"Nordic Berlin","article_modified_time":"2026-04-16T11:56:11+00:00","twitter_card":"summary_large_image","twitter_misc":{"Estimeret l\u00e6setid":"1 minut"},"schema":{"@context":"https:\/\/schema.org","@graph":[{"@type":"WebPage","@id":"https:\/\/www.nordicberlin.de\/da\/kontakt\/","url":"https:\/\/www.nordicberlin.de\/da\/kontakt\/","name":"Kontakt Martin Mejdal Petersen fra Nordic Berlin","isPartOf":{"@id":"https:\/\/www.nordicberlin.de\/da\/#website"},"datePublished":"2026-03-09T13:10:13+00:00","dateModified":"2026-04-16T11:56:11+00:00","description":"Kontakt Nordic Berlin og f\u00e5 dansk r\u00e5dgivning om k\u00f8b eller salg af bolig i Berlin. Vi svarer hurtigt og hj\u00e6lper dig trygt videre i processen.","breadcrumb":{"@id":"https:\/\/www.nordicberlin.de\/da\/kontakt\/#breadcrumb"},"inLanguage":"da-DK","potentialAction":[{"@type":"ReadAction","target":["https:\/\/www.nordicberlin.de\/da\/kontakt\/"]}]},{"@type":"BreadcrumbList","@id":"https:\/\/www.nordicberlin.de\/da\/kontakt\/#breadcrumb","itemListElement":[{"@type":"ListItem","position":1,"name":"Home","item":"https:\/\/www.nordicberlin.de\/da\/"},{"@type":"ListItem","position":2,"name":"Kontakt"}]},{"@type":"WebSite","@id":"https:\/\/www.nordicberlin.de\/da\/#website","url":"https:\/\/www.nordicberlin.de\/da\/","name":"Nordic Berlin","description":"Martin Mejdal Petersen","publisher":{"@id":"https:\/\/www.nordicberlin.de\/da\/#organization"},"potentialAction":[{"@type":"SearchAction","target":{"@type":"EntryPoint","urlTemplate":"https:\/\/www.nordicberlin.de\/da\/?s={search_term_string}"},"query-input":{"@type":"PropertyValueSpecification","valueRequired":true,"valueName":"search_term_string"}}],"inLanguage":"da-DK"},{"@type":"Organization","@id":"https:\/\/www.nordicberlin.de\/da\/#organization","name":"Nordic Berlin","url":"https:\/\/www.nordicberlin.de\/da\/","logo":{"@type":"ImageObject","inLanguage":"da-DK","@id":"https:\/\/www.nordicberlin.de\/da\/#\/schema\/logo\/image\/","url":"https:\/\/www.nordicberlin.de\/wp-content\/uploads\/2026\/03\/Nordic-Berlin-logo.svg","contentUrl":"https:\/\/www.nordicberlin.de\/wp-content\/uploads\/2026\/03\/Nordic-Berlin-logo.svg","width":762,"height":258,"caption":"Nordic Berlin"},"image":{"@id":"https:\/\/www.nordicberlin.de\/da\/#\/schema\/logo\/image\/"}}]}},"_links":{"self":[{"href":"https:\/\/www.nordicberlin.de\/da\/wp-json\/wp\/v2\/pages\/44","targetHints":{"allow":["GET"]}}],"collection":[{"href":"https:\/\/www.nordicberlin.de\/da\/wp-json\/wp\/v2\/pages"}],"about":[{"href":"https:\/\/www.nordicberlin.de\/da\/wp-json\/wp\/v2\/types\/page"}],"author":[{"embeddable":true,"href":"https:\/\/www.nordicberlin.de\/da\/wp-json\/wp\/v2\/users\/1"}],"replies":[{"embeddable":true,"href":"https:\/\/www.nordicberlin.de\/da\/wp-json\/wp\/v2\/comments?post=44"}],"version-history":[{"count":24,"href":"https:\/\/www.nordicberlin.de\/da\/wp-json\/wp\/v2\/pages\/44\/revisions"}],"predecessor-version":[{"id":2035,"href":"https:\/\/www.nordicberlin.de\/da\/wp-json\/wp\/v2\/pages\/44\/revisions\/2035"}],"wp:attachment":[{"href":"https:\/\/www.nordicberlin.de\/da\/wp-json\/wp\/v2\/media?parent=44"}],"curies":[{"name":"wp","href":"https:\/\/api.w.org\/{rel}","templated":true}]}}